{"id":1468,"date":"2026-03-20T15:32:42","date_gmt":"2026-03-20T14:32:42","guid":{"rendered":"https:\/\/www.freshcueillette.fr\/?post_type=product&#038;p=1468"},"modified":"2026-03-26T12:17:08","modified_gmt":"2026-03-26T11:17:08","slug":"acai-et-banane-sachet-300g","status":"publish","type":"product","link":"https:\/\/www.freshcueillette.fr\/index.php\/produit\/acai-et-banane-sachet-300g\/","title":{"rendered":"A\u00e7a\u00ef et banane &#8211; Sachet 300g"},"content":{"rendered":"<h2>\ud83e\uded0\ud83c\udf4c M\u00e9lange A\u00e7a\u00ef &amp; Banane (50\/50)<\/h2>\n<p>Ce m\u00e9lange d\u2019a\u00e7a\u00ef et de banane associe l\u2019intensit\u00e9 de l\u2019a\u00e7a\u00ef \u00e0 la douceur naturelle de la banane pour un \u00e9quilibre parfait. Surgel\u00e9s rapidement apr\u00e8s r\u00e9colte, les fruits conservent toutes leurs qualit\u00e9s nutritionnelles et gustatives.<\/p>\n<h3>\u2705 Points forts :<\/h3>\n<ul>\n<li>\u00c9quilibre parfait 50% a\u00e7a\u00ef \/ 50% banane<\/li>\n<li>Go\u00fbt doux et l\u00e9g\u00e8rement fruit\u00e9<\/li>\n<li>100% fruits \u2013 sans sucre ajout\u00e9, sans additifs<\/li>\n<\/ul>\n<h3>\ud83d\udca1 Parfait pour :<\/h3>\n<ul>\n<li>Smoothies et bowls \u00e9nerg\u00e9tiques<\/li>\n<li>Petit-d\u00e9jeuners sains et gourmands<\/li>\n<li>Desserts et recettes maison<\/li>\n<\/ul>\n<h3>\ud83d\udce6 Informations produit :<\/h3>\n<ul>\n<li><strong>Poids :<\/strong> 500g<\/li>\n<li><strong>Ingr\u00e9dients :<\/strong> Banane 50%, Palets d&#8217;A\u00e7a\u00ef 50% (eau, 12% de pulpe d&#8217;a\u00e7a\u00ef, acide citrique)<\/li>\n<li><strong>Origine :<\/strong> Br\u00e9sil, Equateur<\/li>\n<li><strong>Conservation :<\/strong> -18\u00b0C (jusqu\u2019\u00e0 24 mois)<\/li>\n<\/ul>\n<p>Emballage recyclable \u267b\ufe0f<\/p>\n","protected":false},"excerpt":{"rendered":"<p>\ud83e\uded0\ud83c\udf4c M\u00e9lange A\u00e7a\u00ef &amp; Banane (50\/50) Ce m\u00e9lange d\u2019a\u00e7a\u00ef et de banane associe l\u2019intensit\u00e9 de l\u2019a\u00e7a\u00ef \u00e0 la douceur naturelle de la banane pour un \u00e9quilibre parfait. Surgel\u00e9s rapidement apr\u00e8s r\u00e9colte, les fruits conservent toutes leurs qualit\u00e9s nutritionnelles et gustatives. \u2705 Points forts : \u00c9quilibre parfait 50% a\u00e7a\u00ef \/ 50% banane Go\u00fbt doux et l\u00e9g\u00e8rement [&hellip;]<\/p>\n","protected":false},"featured_media":1483,"comment_status":"open","ping_status":"closed","template":"","meta":{"_eb_attr":"","_kadence_starter_templates_imported_post":false},"product_brand":[],"product_cat":[17],"product_tag":[89,43],"class_list":{"0":"post-1468","1":"product","2":"type-product","3":"status-publish","4":"has-post-thumbnail","6":"product_cat-fruits","7":"product_tag-acai","8":"product_tag-banane","10":"first","11":"instock","12":"shipping-taxable","13":"product-type-simple"},"yoast_head":"<!-- This site is optimized with the Yoast SEO plugin v26.6 - https:\/\/yoast.com\/wordpress\/plugins\/seo\/ -->\n<title>A\u00e7a\u00ef et banane - Sachet 300g -<\/title>\n<meta name=\"robots\" content=\"index, follow, max-snippet:-1, max-image-preview:large, max-video-preview:-1\" \/>\n<link rel=\"canonical\" href=\"https:\/\/www.freshcueillette.fr\/index.php\/produit\/acai-et-banane-sachet-300g\/\" \/>\n<meta property=\"og:locale\" content=\"en_US\" \/>\n<meta property=\"og:type\" content=\"article\" \/>\n<meta property=\"og:title\" content=\"A\u00e7a\u00ef et banane - Sachet 300g -\" \/>\n<meta property=\"og:description\" content=\"\ud83e\uded0\ud83c\udf4c M\u00e9lange A\u00e7a\u00ef &amp; Banane (50\/50) Ce m\u00e9lange d\u2019a\u00e7a\u00ef et de banane associe l\u2019intensit\u00e9 de l\u2019a\u00e7a\u00ef \u00e0 la douceur naturelle de la banane pour un \u00e9quilibre parfait. Surgel\u00e9s rapidement apr\u00e8s r\u00e9colte, les fruits conservent toutes leurs qualit\u00e9s nutritionnelles et gustatives. \u2705 Points forts : \u00c9quilibre parfait 50% a\u00e7a\u00ef \/ 50% banane Go\u00fbt doux et l\u00e9g\u00e8rement [&hellip;]\" \/>\n<meta property=\"og:url\" content=\"https:\/\/www.freshcueillette.fr\/index.php\/produit\/acai-et-banane-sachet-300g\/\" \/>\n<meta property=\"article:modified_time\" content=\"2026-03-26T11:17:08+00:00\" \/>\n<meta property=\"og:image\" content=\"http:\/\/www.freshcueillette.fr\/wp-content\/uploads\/2026\/03\/Design-sans-titre-8-1024x1024.png\" \/>\n\t<meta property=\"og:image:width\" content=\"1024\" \/>\n\t<meta property=\"og:image:height\" content=\"1024\" \/>\n\t<meta property=\"og:image:type\" content=\"image\/png\" \/>\n<meta name=\"twitter:card\" content=\"summary_large_image\" \/>\n<meta name=\"twitter:label1\" content=\"Est. reading time\" \/>\n\t<meta name=\"twitter:data1\" content=\"1 minute\" \/>\n<script type=\"application\/ld+json\" class=\"yoast-schema-graph\">{\"@context\":\"https:\/\/schema.org\",\"@graph\":[{\"@type\":\"WebPage\",\"@id\":\"https:\/\/www.freshcueillette.fr\/index.php\/produit\/acai-et-banane-sachet-300g\/\",\"url\":\"https:\/\/www.freshcueillette.fr\/index.php\/produit\/acai-et-banane-sachet-300g\/\",\"name\":\"A\u00e7a\u00ef et banane - Sachet 300g -\",\"isPartOf\":{\"@id\":\"https:\/\/www.freshcueillette.fr\/#website\"},\"primaryImageOfPage\":{\"@id\":\"https:\/\/www.freshcueillette.fr\/index.php\/produit\/acai-et-banane-sachet-300g\/#primaryimage\"},\"image\":{\"@id\":\"https:\/\/www.freshcueillette.fr\/index.php\/produit\/acai-et-banane-sachet-300g\/#primaryimage\"},\"thumbnailUrl\":\"https:\/\/www.freshcueillette.fr\/wp-content\/uploads\/2026\/03\/Design-sans-titre-8.png\",\"datePublished\":\"2026-03-20T14:32:42+00:00\",\"dateModified\":\"2026-03-26T11:17:08+00:00\",\"breadcrumb\":{\"@id\":\"https:\/\/www.freshcueillette.fr\/index.php\/produit\/acai-et-banane-sachet-300g\/#breadcrumb\"},\"inLanguage\":\"en-US\",\"potentialAction\":[{\"@type\":\"ReadAction\",\"target\":[\"https:\/\/www.freshcueillette.fr\/index.php\/produit\/acai-et-banane-sachet-300g\/\"]}]},{\"@type\":\"ImageObject\",\"inLanguage\":\"en-US\",\"@id\":\"https:\/\/www.freshcueillette.fr\/index.php\/produit\/acai-et-banane-sachet-300g\/#primaryimage\",\"url\":\"https:\/\/www.freshcueillette.fr\/wp-content\/uploads\/2026\/03\/Design-sans-titre-8.png\",\"contentUrl\":\"https:\/\/www.freshcueillette.fr\/wp-content\/uploads\/2026\/03\/Design-sans-titre-8.png\",\"width\":2000,\"height\":2000},{\"@type\":\"BreadcrumbList\",\"@id\":\"https:\/\/www.freshcueillette.fr\/index.php\/produit\/acai-et-banane-sachet-300g\/#breadcrumb\",\"itemListElement\":[{\"@type\":\"ListItem\",\"position\":1,\"name\":\"Accueil\",\"item\":\"https:\/\/www.freshcueillette.fr\/\"},{\"@type\":\"ListItem\",\"position\":2,\"name\":\"Produits\",\"item\":\"http:\/\/www.freshcueillette.fr\/index.php\/boutique\/\"},{\"@type\":\"ListItem\",\"position\":3,\"name\":\"A\u00e7a\u00ef et banane &#8211; Sachet 300g\"}]},{\"@type\":\"WebSite\",\"@id\":\"https:\/\/www.freshcueillette.fr\/#website\",\"url\":\"https:\/\/www.freshcueillette.fr\/\",\"name\":\"Fresh Cueillettte\",\"description\":\"Des fruits entiers, cueillis \u00e0 maturit\u00e9, au go\u00fbt pr\u00e9serv\u00e9.\",\"publisher\":{\"@id\":\"https:\/\/www.freshcueillette.fr\/#organization\"},\"potentialAction\":[{\"@type\":\"SearchAction\",\"target\":{\"@type\":\"EntryPoint\",\"urlTemplate\":\"https:\/\/www.freshcueillette.fr\/?s={search_term_string}\"},\"query-input\":{\"@type\":\"PropertyValueSpecification\",\"valueRequired\":true,\"valueName\":\"search_term_string\"}}],\"inLanguage\":\"en-US\"},{\"@type\":\"Organization\",\"@id\":\"https:\/\/www.freshcueillette.fr\/#organization\",\"name\":\"Fresh Cueillettte\",\"url\":\"https:\/\/www.freshcueillette.fr\/\",\"logo\":{\"@type\":\"ImageObject\",\"inLanguage\":\"en-US\",\"@id\":\"https:\/\/www.freshcueillette.fr\/#\/schema\/logo\/image\/\",\"url\":\"https:\/\/www.freshcueillette.fr\/wp-content\/uploads\/2022\/01\/logo_light_dark.svg\",\"contentUrl\":\"https:\/\/www.freshcueillette.fr\/wp-content\/uploads\/2022\/01\/logo_light_dark.svg\",\"width\":89,\"height\":43,\"caption\":\"Fresh Cueillettte\"},\"image\":{\"@id\":\"https:\/\/www.freshcueillette.fr\/#\/schema\/logo\/image\/\"}}]}<\/script>\n<!-- \/ Yoast SEO plugin. -->","yoast_head_json":{"title":"A\u00e7a\u00ef et banane - Sachet 300g -","robots":{"index":"index","follow":"follow","max-snippet":"max-snippet:-1","max-image-preview":"max-image-preview:large","max-video-preview":"max-video-preview:-1"},"canonical":"https:\/\/www.freshcueillette.fr\/index.php\/produit\/acai-et-banane-sachet-300g\/","og_locale":"en_US","og_type":"article","og_title":"A\u00e7a\u00ef et banane - Sachet 300g -","og_description":"\ud83e\uded0\ud83c\udf4c M\u00e9lange A\u00e7a\u00ef &amp; Banane (50\/50) Ce m\u00e9lange d\u2019a\u00e7a\u00ef et de banane associe l\u2019intensit\u00e9 de l\u2019a\u00e7a\u00ef \u00e0 la douceur naturelle de la banane pour un \u00e9quilibre parfait. Surgel\u00e9s rapidement apr\u00e8s r\u00e9colte, les fruits conservent toutes leurs qualit\u00e9s nutritionnelles et gustatives. \u2705 Points forts : \u00c9quilibre parfait 50% a\u00e7a\u00ef \/ 50% banane Go\u00fbt doux et l\u00e9g\u00e8rement [&hellip;]","og_url":"https:\/\/www.freshcueillette.fr\/index.php\/produit\/acai-et-banane-sachet-300g\/","article_modified_time":"2026-03-26T11:17:08+00:00","og_image":[{"width":1024,"height":1024,"url":"http:\/\/www.freshcueillette.fr\/wp-content\/uploads\/2026\/03\/Design-sans-titre-8-1024x1024.png","type":"image\/png"}],"twitter_card":"summary_large_image","twitter_misc":{"Est. reading time":"1 minute"},"schema":{"@context":"https:\/\/schema.org","@graph":[{"@type":"WebPage","@id":"https:\/\/www.freshcueillette.fr\/index.php\/produit\/acai-et-banane-sachet-300g\/","url":"https:\/\/www.freshcueillette.fr\/index.php\/produit\/acai-et-banane-sachet-300g\/","name":"A\u00e7a\u00ef et banane - Sachet 300g -","isPartOf":{"@id":"https:\/\/www.freshcueillette.fr\/#website"},"primaryImageOfPage":{"@id":"https:\/\/www.freshcueillette.fr\/index.php\/produit\/acai-et-banane-sachet-300g\/#primaryimage"},"image":{"@id":"https:\/\/www.freshcueillette.fr\/index.php\/produit\/acai-et-banane-sachet-300g\/#primaryimage"},"thumbnailUrl":"https:\/\/www.freshcueillette.fr\/wp-content\/uploads\/2026\/03\/Design-sans-titre-8.png","datePublished":"2026-03-20T14:32:42+00:00","dateModified":"2026-03-26T11:17:08+00:00","breadcrumb":{"@id":"https:\/\/www.freshcueillette.fr\/index.php\/produit\/acai-et-banane-sachet-300g\/#breadcrumb"},"inLanguage":"en-US","potentialAction":[{"@type":"ReadAction","target":["https:\/\/www.freshcueillette.fr\/index.php\/produit\/acai-et-banane-sachet-300g\/"]}]},{"@type":"ImageObject","inLanguage":"en-US","@id":"https:\/\/www.freshcueillette.fr\/index.php\/produit\/acai-et-banane-sachet-300g\/#primaryimage","url":"https:\/\/www.freshcueillette.fr\/wp-content\/uploads\/2026\/03\/Design-sans-titre-8.png","contentUrl":"https:\/\/www.freshcueillette.fr\/wp-content\/uploads\/2026\/03\/Design-sans-titre-8.png","width":2000,"height":2000},{"@type":"BreadcrumbList","@id":"https:\/\/www.freshcueillette.fr\/index.php\/produit\/acai-et-banane-sachet-300g\/#breadcrumb","itemListElement":[{"@type":"ListItem","position":1,"name":"Accueil","item":"https:\/\/www.freshcueillette.fr\/"},{"@type":"ListItem","position":2,"name":"Produits","item":"http:\/\/www.freshcueillette.fr\/index.php\/boutique\/"},{"@type":"ListItem","position":3,"name":"A\u00e7a\u00ef et banane &#8211; Sachet 300g"}]},{"@type":"WebSite","@id":"https:\/\/www.freshcueillette.fr\/#website","url":"https:\/\/www.freshcueillette.fr\/","name":"Fresh Cueillettte","description":"Des fruits entiers, cueillis \u00e0 maturit\u00e9, au go\u00fbt pr\u00e9serv\u00e9.","publisher":{"@id":"https:\/\/www.freshcueillette.fr\/#organization"},"potentialAction":[{"@type":"SearchAction","target":{"@type":"EntryPoint","urlTemplate":"https:\/\/www.freshcueillette.fr\/?s={search_term_string}"},"query-input":{"@type":"PropertyValueSpecification","valueRequired":true,"valueName":"search_term_string"}}],"inLanguage":"en-US"},{"@type":"Organization","@id":"https:\/\/www.freshcueillette.fr\/#organization","name":"Fresh Cueillettte","url":"https:\/\/www.freshcueillette.fr\/","logo":{"@type":"ImageObject","inLanguage":"en-US","@id":"https:\/\/www.freshcueillette.fr\/#\/schema\/logo\/image\/","url":"https:\/\/www.freshcueillette.fr\/wp-content\/uploads\/2022\/01\/logo_light_dark.svg","contentUrl":"https:\/\/www.freshcueillette.fr\/wp-content\/uploads\/2022\/01\/logo_light_dark.svg","width":89,"height":43,"caption":"Fresh Cueillettte"},"image":{"@id":"https:\/\/www.freshcueillette.fr\/#\/schema\/logo\/image\/"}}]}},"_links":{"self":[{"href":"https:\/\/www.freshcueillette.fr\/index.php\/wp-json\/wp\/v2\/product\/1468","targetHints":{"allow":["GET"]}}],"collection":[{"href":"https:\/\/www.freshcueillette.fr\/index.php\/wp-json\/wp\/v2\/product"}],"about":[{"href":"https:\/\/www.freshcueillette.fr\/index.php\/wp-json\/wp\/v2\/types\/product"}],"replies":[{"embeddable":true,"href":"https:\/\/www.freshcueillette.fr\/index.php\/wp-json\/wp\/v2\/comments?post=1468"}],"wp:featuredmedia":[{"embeddable":true,"href":"https:\/\/www.freshcueillette.fr\/index.php\/wp-json\/wp\/v2\/media\/1483"}],"wp:attachment":[{"href":"https:\/\/www.freshcueillette.fr\/index.php\/wp-json\/wp\/v2\/media?parent=1468"}],"wp:term":[{"taxonomy":"product_brand","embeddable":true,"href":"https:\/\/www.freshcueillette.fr\/index.php\/wp-json\/wp\/v2\/product_brand?post=1468"},{"taxonomy":"product_cat","embeddable":true,"href":"https:\/\/www.freshcueillette.fr\/index.php\/wp-json\/wp\/v2\/product_cat?post=1468"},{"taxonomy":"product_tag","embeddable":true,"href":"https:\/\/www.freshcueillette.fr\/index.php\/wp-json\/wp\/v2\/product_tag?post=1468"}],"curies":[{"name":"wp","href":"https:\/\/api.w.org\/{rel}","templated":true}]}}