{"id":1456,"date":"2026-03-20T12:33:30","date_gmt":"2026-03-20T11:33:30","guid":{"rendered":"https:\/\/www.freshcueillette.fr\/?post_type=product&#038;p=1456"},"modified":"2026-03-25T15:38:30","modified_gmt":"2026-03-25T14:38:30","slug":"melon-en-cubes-100-naturels-sachet-500g","status":"publish","type":"product","link":"https:\/\/www.freshcueillette.fr\/index.php\/produit\/melon-en-cubes-100-naturels-sachet-500g\/","title":{"rendered":"Melon en cubes &#8211; Sachet 500g"},"content":{"rendered":"<h2>\ud83c\udf48 Cubes de melon \u2013 Origine Italie \u2013 100% naturels<\/h2>\n<p>Nos cubes de melon, s\u00e9lectionn\u00e9s en Italie, sont appr\u00e9ci\u00e9s pour leur chair juteuse, leur douceur naturelle et leur parfum ensoleill\u00e9. Cueillis \u00e0 maturit\u00e9, ils sont d\u00e9coup\u00e9s puis surgel\u00e9s rapidement pour pr\u00e9server toute leur fra\u00eecheur.<\/p>\n<h3>\u2705 Points forts :<\/h3>\n<ul>\n<li>Origine Italie : qualit\u00e9 et go\u00fbt authentique<\/li>\n<li>Melon sucr\u00e9, juteux et parfum\u00e9<\/li>\n<li>100% fruits \u2013 sans sucre ajout\u00e9, sans additifs<\/li>\n<\/ul>\n<h3>\ud83d\udca1 Parfaits pour :<\/h3>\n<ul>\n<li>Smoothies et salades de fruits<\/li>\n<li>Desserts frais et cocktails<\/li>\n<li>Ap\u00e9ritifs et recettes sucr\u00e9es-sal\u00e9es<\/li>\n<\/ul>\n<h3>\ud83d\udce6 Informations produit :<\/h3>\n<ul>\n<li><strong>Poids :<\/strong> 500g<\/li>\n<li><strong>Ingr\u00e9dients :<\/strong> Melon 100%<\/li>\n<li><strong>Origine :<\/strong> Italie<\/li>\n<li><strong>Conservation :<\/strong> -18\u00b0C (jusqu\u2019\u00e0 24 mois)<\/li>\n<\/ul>\n<p><strong>Produit 100% naturel<\/strong> | Emballage recyclable \u267b\ufe0f<\/p>\n","protected":false},"excerpt":{"rendered":"<p>Savoureuses et riches en go\u00fbt, nos framboises Willamette sont cueillies \u00e0 pleine maturit\u00e9, puis surgel\u00e9es rapidement. Id\u00e9ales pour vos smoothies, g\u00e2teaux et confitures maison \u2764\ufe0f<\/p>\n","protected":false},"featured_media":1477,"comment_status":"open","ping_status":"closed","template":"","meta":{"_eb_attr":"","_kadence_starter_templates_imported_post":false},"product_brand":[],"product_cat":[17],"product_tag":[81,82,79,80],"class_list":{"0":"post-1456","1":"product","2":"type-product","3":"status-publish","4":"has-post-thumbnail","6":"product_cat-fruits","7":"product_tag-cantaloup","8":"product_tag-cantalupo","9":"product_tag-melon","10":"product_tag-melonitalien","12":"first","13":"instock","14":"shipping-taxable","15":"product-type-simple"},"yoast_head":"<!-- This site is optimized with the Yoast SEO plugin v26.6 - https:\/\/yoast.com\/wordpress\/plugins\/seo\/ -->\n<title>Melon en cubes - Sachet 500g -<\/title>\n<meta name=\"robots\" content=\"index, follow, max-snippet:-1, max-image-preview:large, max-video-preview:-1\" \/>\n<link rel=\"canonical\" href=\"https:\/\/www.freshcueillette.fr\/index.php\/produit\/melon-en-cubes-100-naturels-sachet-500g\/\" \/>\n<meta property=\"og:locale\" content=\"en_US\" \/>\n<meta property=\"og:type\" content=\"article\" \/>\n<meta property=\"og:title\" content=\"Melon en cubes - Sachet 500g -\" \/>\n<meta property=\"og:description\" content=\"Savoureuses et riches en go\u00fbt, nos framboises Willamette sont cueillies \u00e0 pleine maturit\u00e9, puis surgel\u00e9es rapidement. Id\u00e9ales pour vos smoothies, g\u00e2teaux et confitures maison \u2764\ufe0f\" \/>\n<meta property=\"og:url\" content=\"https:\/\/www.freshcueillette.fr\/index.php\/produit\/melon-en-cubes-100-naturels-sachet-500g\/\" \/>\n<meta property=\"article:modified_time\" content=\"2026-03-25T14:38:30+00:00\" \/>\n<meta property=\"og:image\" content=\"http:\/\/www.freshcueillette.fr\/wp-content\/uploads\/2026\/03\/Design-sans-titre-6-1024x1024.png\" \/>\n\t<meta property=\"og:image:width\" content=\"1024\" \/>\n\t<meta property=\"og:image:height\" content=\"1024\" \/>\n\t<meta property=\"og:image:type\" content=\"image\/png\" \/>\n<meta name=\"twitter:card\" content=\"summary_large_image\" \/>\n<meta name=\"twitter:label1\" content=\"Est. reading time\" \/>\n\t<meta name=\"twitter:data1\" content=\"1 minute\" \/>\n<script type=\"application\/ld+json\" class=\"yoast-schema-graph\">{\"@context\":\"https:\/\/schema.org\",\"@graph\":[{\"@type\":\"WebPage\",\"@id\":\"https:\/\/www.freshcueillette.fr\/index.php\/produit\/melon-en-cubes-100-naturels-sachet-500g\/\",\"url\":\"https:\/\/www.freshcueillette.fr\/index.php\/produit\/melon-en-cubes-100-naturels-sachet-500g\/\",\"name\":\"Melon en cubes - Sachet 500g -\",\"isPartOf\":{\"@id\":\"https:\/\/www.freshcueillette.fr\/#website\"},\"primaryImageOfPage\":{\"@id\":\"https:\/\/www.freshcueillette.fr\/index.php\/produit\/melon-en-cubes-100-naturels-sachet-500g\/#primaryimage\"},\"image\":{\"@id\":\"https:\/\/www.freshcueillette.fr\/index.php\/produit\/melon-en-cubes-100-naturels-sachet-500g\/#primaryimage\"},\"thumbnailUrl\":\"https:\/\/www.freshcueillette.fr\/wp-content\/uploads\/2026\/03\/Design-sans-titre-6.png\",\"datePublished\":\"2026-03-20T11:33:30+00:00\",\"dateModified\":\"2026-03-25T14:38:30+00:00\",\"breadcrumb\":{\"@id\":\"https:\/\/www.freshcueillette.fr\/index.php\/produit\/melon-en-cubes-100-naturels-sachet-500g\/#breadcrumb\"},\"inLanguage\":\"en-US\",\"potentialAction\":[{\"@type\":\"ReadAction\",\"target\":[\"https:\/\/www.freshcueillette.fr\/index.php\/produit\/melon-en-cubes-100-naturels-sachet-500g\/\"]}]},{\"@type\":\"ImageObject\",\"inLanguage\":\"en-US\",\"@id\":\"https:\/\/www.freshcueillette.fr\/index.php\/produit\/melon-en-cubes-100-naturels-sachet-500g\/#primaryimage\",\"url\":\"https:\/\/www.freshcueillette.fr\/wp-content\/uploads\/2026\/03\/Design-sans-titre-6.png\",\"contentUrl\":\"https:\/\/www.freshcueillette.fr\/wp-content\/uploads\/2026\/03\/Design-sans-titre-6.png\",\"width\":2000,\"height\":2000},{\"@type\":\"BreadcrumbList\",\"@id\":\"https:\/\/www.freshcueillette.fr\/index.php\/produit\/melon-en-cubes-100-naturels-sachet-500g\/#breadcrumb\",\"itemListElement\":[{\"@type\":\"ListItem\",\"position\":1,\"name\":\"Accueil\",\"item\":\"https:\/\/www.freshcueillette.fr\/\"},{\"@type\":\"ListItem\",\"position\":2,\"name\":\"Produits\",\"item\":\"http:\/\/www.freshcueillette.fr\/index.php\/boutique\/\"},{\"@type\":\"ListItem\",\"position\":3,\"name\":\"Melon en cubes &#8211; Sachet 500g\"}]},{\"@type\":\"WebSite\",\"@id\":\"https:\/\/www.freshcueillette.fr\/#website\",\"url\":\"https:\/\/www.freshcueillette.fr\/\",\"name\":\"Fresh Cueillettte\",\"description\":\"Des fruits entiers, cueillis \u00e0 maturit\u00e9, au go\u00fbt pr\u00e9serv\u00e9.\",\"publisher\":{\"@id\":\"https:\/\/www.freshcueillette.fr\/#organization\"},\"potentialAction\":[{\"@type\":\"SearchAction\",\"target\":{\"@type\":\"EntryPoint\",\"urlTemplate\":\"https:\/\/www.freshcueillette.fr\/?s={search_term_string}\"},\"query-input\":{\"@type\":\"PropertyValueSpecification\",\"valueRequired\":true,\"valueName\":\"search_term_string\"}}],\"inLanguage\":\"en-US\"},{\"@type\":\"Organization\",\"@id\":\"https:\/\/www.freshcueillette.fr\/#organization\",\"name\":\"Fresh Cueillettte\",\"url\":\"https:\/\/www.freshcueillette.fr\/\",\"logo\":{\"@type\":\"ImageObject\",\"inLanguage\":\"en-US\",\"@id\":\"https:\/\/www.freshcueillette.fr\/#\/schema\/logo\/image\/\",\"url\":\"https:\/\/www.freshcueillette.fr\/wp-content\/uploads\/2022\/01\/logo_light_dark.svg\",\"contentUrl\":\"https:\/\/www.freshcueillette.fr\/wp-content\/uploads\/2022\/01\/logo_light_dark.svg\",\"width\":89,\"height\":43,\"caption\":\"Fresh Cueillettte\"},\"image\":{\"@id\":\"https:\/\/www.freshcueillette.fr\/#\/schema\/logo\/image\/\"}}]}<\/script>\n<!-- \/ Yoast SEO plugin. -->","yoast_head_json":{"title":"Melon en cubes - Sachet 500g -","robots":{"index":"index","follow":"follow","max-snippet":"max-snippet:-1","max-image-preview":"max-image-preview:large","max-video-preview":"max-video-preview:-1"},"canonical":"https:\/\/www.freshcueillette.fr\/index.php\/produit\/melon-en-cubes-100-naturels-sachet-500g\/","og_locale":"en_US","og_type":"article","og_title":"Melon en cubes - Sachet 500g -","og_description":"Savoureuses et riches en go\u00fbt, nos framboises Willamette sont cueillies \u00e0 pleine maturit\u00e9, puis surgel\u00e9es rapidement. Id\u00e9ales pour vos smoothies, g\u00e2teaux et confitures maison \u2764\ufe0f","og_url":"https:\/\/www.freshcueillette.fr\/index.php\/produit\/melon-en-cubes-100-naturels-sachet-500g\/","article_modified_time":"2026-03-25T14:38:30+00:00","og_image":[{"width":1024,"height":1024,"url":"http:\/\/www.freshcueillette.fr\/wp-content\/uploads\/2026\/03\/Design-sans-titre-6-1024x1024.png","type":"image\/png"}],"twitter_card":"summary_large_image","twitter_misc":{"Est. reading time":"1 minute"},"schema":{"@context":"https:\/\/schema.org","@graph":[{"@type":"WebPage","@id":"https:\/\/www.freshcueillette.fr\/index.php\/produit\/melon-en-cubes-100-naturels-sachet-500g\/","url":"https:\/\/www.freshcueillette.fr\/index.php\/produit\/melon-en-cubes-100-naturels-sachet-500g\/","name":"Melon en cubes - Sachet 500g -","isPartOf":{"@id":"https:\/\/www.freshcueillette.fr\/#website"},"primaryImageOfPage":{"@id":"https:\/\/www.freshcueillette.fr\/index.php\/produit\/melon-en-cubes-100-naturels-sachet-500g\/#primaryimage"},"image":{"@id":"https:\/\/www.freshcueillette.fr\/index.php\/produit\/melon-en-cubes-100-naturels-sachet-500g\/#primaryimage"},"thumbnailUrl":"https:\/\/www.freshcueillette.fr\/wp-content\/uploads\/2026\/03\/Design-sans-titre-6.png","datePublished":"2026-03-20T11:33:30+00:00","dateModified":"2026-03-25T14:38:30+00:00","breadcrumb":{"@id":"https:\/\/www.freshcueillette.fr\/index.php\/produit\/melon-en-cubes-100-naturels-sachet-500g\/#breadcrumb"},"inLanguage":"en-US","potentialAction":[{"@type":"ReadAction","target":["https:\/\/www.freshcueillette.fr\/index.php\/produit\/melon-en-cubes-100-naturels-sachet-500g\/"]}]},{"@type":"ImageObject","inLanguage":"en-US","@id":"https:\/\/www.freshcueillette.fr\/index.php\/produit\/melon-en-cubes-100-naturels-sachet-500g\/#primaryimage","url":"https:\/\/www.freshcueillette.fr\/wp-content\/uploads\/2026\/03\/Design-sans-titre-6.png","contentUrl":"https:\/\/www.freshcueillette.fr\/wp-content\/uploads\/2026\/03\/Design-sans-titre-6.png","width":2000,"height":2000},{"@type":"BreadcrumbList","@id":"https:\/\/www.freshcueillette.fr\/index.php\/produit\/melon-en-cubes-100-naturels-sachet-500g\/#breadcrumb","itemListElement":[{"@type":"ListItem","position":1,"name":"Accueil","item":"https:\/\/www.freshcueillette.fr\/"},{"@type":"ListItem","position":2,"name":"Produits","item":"http:\/\/www.freshcueillette.fr\/index.php\/boutique\/"},{"@type":"ListItem","position":3,"name":"Melon en cubes &#8211; Sachet 500g"}]},{"@type":"WebSite","@id":"https:\/\/www.freshcueillette.fr\/#website","url":"https:\/\/www.freshcueillette.fr\/","name":"Fresh Cueillettte","description":"Des fruits entiers, cueillis \u00e0 maturit\u00e9, au go\u00fbt pr\u00e9serv\u00e9.","publisher":{"@id":"https:\/\/www.freshcueillette.fr\/#organization"},"potentialAction":[{"@type":"SearchAction","target":{"@type":"EntryPoint","urlTemplate":"https:\/\/www.freshcueillette.fr\/?s={search_term_string}"},"query-input":{"@type":"PropertyValueSpecification","valueRequired":true,"valueName":"search_term_string"}}],"inLanguage":"en-US"},{"@type":"Organization","@id":"https:\/\/www.freshcueillette.fr\/#organization","name":"Fresh Cueillettte","url":"https:\/\/www.freshcueillette.fr\/","logo":{"@type":"ImageObject","inLanguage":"en-US","@id":"https:\/\/www.freshcueillette.fr\/#\/schema\/logo\/image\/","url":"https:\/\/www.freshcueillette.fr\/wp-content\/uploads\/2022\/01\/logo_light_dark.svg","contentUrl":"https:\/\/www.freshcueillette.fr\/wp-content\/uploads\/2022\/01\/logo_light_dark.svg","width":89,"height":43,"caption":"Fresh Cueillettte"},"image":{"@id":"https:\/\/www.freshcueillette.fr\/#\/schema\/logo\/image\/"}}]}},"_links":{"self":[{"href":"https:\/\/www.freshcueillette.fr\/index.php\/wp-json\/wp\/v2\/product\/1456","targetHints":{"allow":["GET"]}}],"collection":[{"href":"https:\/\/www.freshcueillette.fr\/index.php\/wp-json\/wp\/v2\/product"}],"about":[{"href":"https:\/\/www.freshcueillette.fr\/index.php\/wp-json\/wp\/v2\/types\/product"}],"replies":[{"embeddable":true,"href":"https:\/\/www.freshcueillette.fr\/index.php\/wp-json\/wp\/v2\/comments?post=1456"}],"wp:featuredmedia":[{"embeddable":true,"href":"https:\/\/www.freshcueillette.fr\/index.php\/wp-json\/wp\/v2\/media\/1477"}],"wp:attachment":[{"href":"https:\/\/www.freshcueillette.fr\/index.php\/wp-json\/wp\/v2\/media?parent=1456"}],"wp:term":[{"taxonomy":"product_brand","embeddable":true,"href":"https:\/\/www.freshcueillette.fr\/index.php\/wp-json\/wp\/v2\/product_brand?post=1456"},{"taxonomy":"product_cat","embeddable":true,"href":"https:\/\/www.freshcueillette.fr\/index.php\/wp-json\/wp\/v2\/product_cat?post=1456"},{"taxonomy":"product_tag","embeddable":true,"href":"https:\/\/www.freshcueillette.fr\/index.php\/wp-json\/wp\/v2\/product_tag?post=1456"}],"curies":[{"name":"wp","href":"https:\/\/api.w.org\/{rel}","templated":true}]}}