{"id":143,"date":"2025-06-04T15:15:04","date_gmt":"2025-06-04T13:15:04","guid":{"rendered":"https:\/\/www.freshcueillette.fr\/?post_type=product&#038;p=143"},"modified":"2026-03-26T11:51:41","modified_gmt":"2026-03-26T10:51:41","slug":"haricots-verts-extra-fins-surgeles-origine-france","status":"publish","type":"product","link":"https:\/\/www.freshcueillette.fr\/index.php\/produit\/haricots-verts-extra-fins-surgeles-origine-france\/","title":{"rendered":"Haricots verts extra-fins surgel\u00e9s \u2013 Origine France"},"content":{"rendered":"<h2>\ud83c\udf3f Haricots verts extra-fins \u2013 Origine France \ud83c\uddeb\ud83c\uddf7<\/h2>\n<p>Nos haricots verts sont cultiv\u00e9s en France, r\u00e9colt\u00e9s jeunes et soigneusement tri\u00e9s. Leur finesse leur conf\u00e8re une cuisson rapide et une belle tenue.<\/p>\n<h3>\u2705 Points forts :<\/h3>\n<ul>\n<li>Origine France 100% \ud83c\uddeb\ud83c\uddf7<\/li>\n<li>Extra-fins pour plus de tendret\u00e9<\/li>\n<li>Surgel\u00e9s rapidement apr\u00e8s r\u00e9colte<\/li>\n<\/ul>\n<h3>\ud83d\udca1 Id\u00e9al en :<\/h3>\n<ul>\n<li>Accompagnement, wok, salade ti\u00e8de, gratin<\/li>\n<\/ul>\n<p><strong>Un classique de la cuisine fran\u00e7aise, pr\u00eat en quelques minutes !<\/strong><\/p>\n","protected":false},"excerpt":{"rendered":"<p>Haricots verts extra-fins, origine France \ud83c\uddeb\ud83c\uddf7. Fine d\u00e9coupe, couleur \u00e9clatante, texture croquante. Surgel\u00e9s pour pr\u00e9server leur fra\u00eecheur.<\/p>\n","protected":false},"featured_media":1538,"comment_status":"open","ping_status":"closed","template":"","meta":{"_eb_attr":"","_kadence_starter_templates_imported_post":false},"product_brand":[32],"product_cat":[18],"product_tag":[52,51],"class_list":{"0":"post-143","1":"product","2":"type-product","3":"status-publish","4":"has-post-thumbnail","6":"product_brand-fresh-cueillette","7":"product_cat-legumes","8":"product_tag-haricots-verts","9":"product_tag-legumes-verts","11":"first","12":"instock","13":"shipping-taxable","14":"product-type-simple"},"yoast_head":"<!-- This site is optimized with the Yoast SEO plugin v26.6 - https:\/\/yoast.com\/wordpress\/plugins\/seo\/ -->\n<title>Haricots verts extra-fins surgel\u00e9s \u2013 Origine France -<\/title>\n<meta name=\"robots\" content=\"index, follow, max-snippet:-1, max-image-preview:large, max-video-preview:-1\" \/>\n<link rel=\"canonical\" href=\"https:\/\/www.freshcueillette.fr\/index.php\/produit\/haricots-verts-extra-fins-surgeles-origine-france\/\" \/>\n<meta property=\"og:locale\" content=\"en_US\" \/>\n<meta property=\"og:type\" content=\"article\" \/>\n<meta property=\"og:title\" content=\"Haricots verts extra-fins surgel\u00e9s \u2013 Origine France -\" \/>\n<meta property=\"og:description\" content=\"Haricots verts extra-fins, origine France \ud83c\uddeb\ud83c\uddf7. Fine d\u00e9coupe, couleur \u00e9clatante, texture croquante. Surgel\u00e9s pour pr\u00e9server leur fra\u00eecheur.\" \/>\n<meta property=\"og:url\" content=\"https:\/\/www.freshcueillette.fr\/index.php\/produit\/haricots-verts-extra-fins-surgeles-origine-france\/\" \/>\n<meta property=\"article:modified_time\" content=\"2026-03-26T10:51:41+00:00\" \/>\n<meta property=\"og:image\" content=\"http:\/\/www.freshcueillette.fr\/wp-content\/uploads\/2025\/06\/Design-sans-titre-6-1024x1024.png\" \/>\n\t<meta property=\"og:image:width\" content=\"1024\" \/>\n\t<meta property=\"og:image:height\" content=\"1024\" \/>\n\t<meta property=\"og:image:type\" content=\"image\/png\" \/>\n<meta name=\"twitter:card\" content=\"summary_large_image\" \/>\n<meta name=\"twitter:label1\" content=\"Est. reading time\" \/>\n\t<meta name=\"twitter:data1\" content=\"1 minute\" \/>\n<script type=\"application\/ld+json\" class=\"yoast-schema-graph\">{\"@context\":\"https:\/\/schema.org\",\"@graph\":[{\"@type\":\"WebPage\",\"@id\":\"https:\/\/www.freshcueillette.fr\/index.php\/produit\/haricots-verts-extra-fins-surgeles-origine-france\/\",\"url\":\"https:\/\/www.freshcueillette.fr\/index.php\/produit\/haricots-verts-extra-fins-surgeles-origine-france\/\",\"name\":\"Haricots verts extra-fins surgel\u00e9s \u2013 Origine France -\",\"isPartOf\":{\"@id\":\"https:\/\/www.freshcueillette.fr\/#website\"},\"primaryImageOfPage\":{\"@id\":\"https:\/\/www.freshcueillette.fr\/index.php\/produit\/haricots-verts-extra-fins-surgeles-origine-france\/#primaryimage\"},\"image\":{\"@id\":\"https:\/\/www.freshcueillette.fr\/index.php\/produit\/haricots-verts-extra-fins-surgeles-origine-france\/#primaryimage\"},\"thumbnailUrl\":\"https:\/\/www.freshcueillette.fr\/wp-content\/uploads\/2025\/06\/Design-sans-titre-6.png\",\"datePublished\":\"2025-06-04T13:15:04+00:00\",\"dateModified\":\"2026-03-26T10:51:41+00:00\",\"breadcrumb\":{\"@id\":\"https:\/\/www.freshcueillette.fr\/index.php\/produit\/haricots-verts-extra-fins-surgeles-origine-france\/#breadcrumb\"},\"inLanguage\":\"en-US\",\"potentialAction\":[{\"@type\":\"ReadAction\",\"target\":[\"https:\/\/www.freshcueillette.fr\/index.php\/produit\/haricots-verts-extra-fins-surgeles-origine-france\/\"]}]},{\"@type\":\"ImageObject\",\"inLanguage\":\"en-US\",\"@id\":\"https:\/\/www.freshcueillette.fr\/index.php\/produit\/haricots-verts-extra-fins-surgeles-origine-france\/#primaryimage\",\"url\":\"https:\/\/www.freshcueillette.fr\/wp-content\/uploads\/2025\/06\/Design-sans-titre-6.png\",\"contentUrl\":\"https:\/\/www.freshcueillette.fr\/wp-content\/uploads\/2025\/06\/Design-sans-titre-6.png\",\"width\":2000,\"height\":2000},{\"@type\":\"BreadcrumbList\",\"@id\":\"https:\/\/www.freshcueillette.fr\/index.php\/produit\/haricots-verts-extra-fins-surgeles-origine-france\/#breadcrumb\",\"itemListElement\":[{\"@type\":\"ListItem\",\"position\":1,\"name\":\"Accueil\",\"item\":\"https:\/\/www.freshcueillette.fr\/\"},{\"@type\":\"ListItem\",\"position\":2,\"name\":\"Produits\",\"item\":\"http:\/\/www.freshcueillette.fr\/index.php\/boutique\/\"},{\"@type\":\"ListItem\",\"position\":3,\"name\":\"Haricots verts extra-fins surgel\u00e9s \u2013 Origine France\"}]},{\"@type\":\"WebSite\",\"@id\":\"https:\/\/www.freshcueillette.fr\/#website\",\"url\":\"https:\/\/www.freshcueillette.fr\/\",\"name\":\"Fresh Cueillettte\",\"description\":\"Des fruits entiers, cueillis \u00e0 maturit\u00e9, au go\u00fbt pr\u00e9serv\u00e9.\",\"publisher\":{\"@id\":\"https:\/\/www.freshcueillette.fr\/#organization\"},\"potentialAction\":[{\"@type\":\"SearchAction\",\"target\":{\"@type\":\"EntryPoint\",\"urlTemplate\":\"https:\/\/www.freshcueillette.fr\/?s={search_term_string}\"},\"query-input\":{\"@type\":\"PropertyValueSpecification\",\"valueRequired\":true,\"valueName\":\"search_term_string\"}}],\"inLanguage\":\"en-US\"},{\"@type\":\"Organization\",\"@id\":\"https:\/\/www.freshcueillette.fr\/#organization\",\"name\":\"Fresh Cueillettte\",\"url\":\"https:\/\/www.freshcueillette.fr\/\",\"logo\":{\"@type\":\"ImageObject\",\"inLanguage\":\"en-US\",\"@id\":\"https:\/\/www.freshcueillette.fr\/#\/schema\/logo\/image\/\",\"url\":\"https:\/\/www.freshcueillette.fr\/wp-content\/uploads\/2022\/01\/logo_light_dark.svg\",\"contentUrl\":\"https:\/\/www.freshcueillette.fr\/wp-content\/uploads\/2022\/01\/logo_light_dark.svg\",\"width\":89,\"height\":43,\"caption\":\"Fresh Cueillettte\"},\"image\":{\"@id\":\"https:\/\/www.freshcueillette.fr\/#\/schema\/logo\/image\/\"}}]}<\/script>\n<!-- \/ Yoast SEO plugin. -->","yoast_head_json":{"title":"Haricots verts extra-fins surgel\u00e9s \u2013 Origine France -","robots":{"index":"index","follow":"follow","max-snippet":"max-snippet:-1","max-image-preview":"max-image-preview:large","max-video-preview":"max-video-preview:-1"},"canonical":"https:\/\/www.freshcueillette.fr\/index.php\/produit\/haricots-verts-extra-fins-surgeles-origine-france\/","og_locale":"en_US","og_type":"article","og_title":"Haricots verts extra-fins surgel\u00e9s \u2013 Origine France -","og_description":"Haricots verts extra-fins, origine France \ud83c\uddeb\ud83c\uddf7. Fine d\u00e9coupe, couleur \u00e9clatante, texture croquante. Surgel\u00e9s pour pr\u00e9server leur fra\u00eecheur.","og_url":"https:\/\/www.freshcueillette.fr\/index.php\/produit\/haricots-verts-extra-fins-surgeles-origine-france\/","article_modified_time":"2026-03-26T10:51:41+00:00","og_image":[{"width":1024,"height":1024,"url":"http:\/\/www.freshcueillette.fr\/wp-content\/uploads\/2025\/06\/Design-sans-titre-6-1024x1024.png","type":"image\/png"}],"twitter_card":"summary_large_image","twitter_misc":{"Est. reading time":"1 minute"},"schema":{"@context":"https:\/\/schema.org","@graph":[{"@type":"WebPage","@id":"https:\/\/www.freshcueillette.fr\/index.php\/produit\/haricots-verts-extra-fins-surgeles-origine-france\/","url":"https:\/\/www.freshcueillette.fr\/index.php\/produit\/haricots-verts-extra-fins-surgeles-origine-france\/","name":"Haricots verts extra-fins surgel\u00e9s \u2013 Origine France -","isPartOf":{"@id":"https:\/\/www.freshcueillette.fr\/#website"},"primaryImageOfPage":{"@id":"https:\/\/www.freshcueillette.fr\/index.php\/produit\/haricots-verts-extra-fins-surgeles-origine-france\/#primaryimage"},"image":{"@id":"https:\/\/www.freshcueillette.fr\/index.php\/produit\/haricots-verts-extra-fins-surgeles-origine-france\/#primaryimage"},"thumbnailUrl":"https:\/\/www.freshcueillette.fr\/wp-content\/uploads\/2025\/06\/Design-sans-titre-6.png","datePublished":"2025-06-04T13:15:04+00:00","dateModified":"2026-03-26T10:51:41+00:00","breadcrumb":{"@id":"https:\/\/www.freshcueillette.fr\/index.php\/produit\/haricots-verts-extra-fins-surgeles-origine-france\/#breadcrumb"},"inLanguage":"en-US","potentialAction":[{"@type":"ReadAction","target":["https:\/\/www.freshcueillette.fr\/index.php\/produit\/haricots-verts-extra-fins-surgeles-origine-france\/"]}]},{"@type":"ImageObject","inLanguage":"en-US","@id":"https:\/\/www.freshcueillette.fr\/index.php\/produit\/haricots-verts-extra-fins-surgeles-origine-france\/#primaryimage","url":"https:\/\/www.freshcueillette.fr\/wp-content\/uploads\/2025\/06\/Design-sans-titre-6.png","contentUrl":"https:\/\/www.freshcueillette.fr\/wp-content\/uploads\/2025\/06\/Design-sans-titre-6.png","width":2000,"height":2000},{"@type":"BreadcrumbList","@id":"https:\/\/www.freshcueillette.fr\/index.php\/produit\/haricots-verts-extra-fins-surgeles-origine-france\/#breadcrumb","itemListElement":[{"@type":"ListItem","position":1,"name":"Accueil","item":"https:\/\/www.freshcueillette.fr\/"},{"@type":"ListItem","position":2,"name":"Produits","item":"http:\/\/www.freshcueillette.fr\/index.php\/boutique\/"},{"@type":"ListItem","position":3,"name":"Haricots verts extra-fins surgel\u00e9s \u2013 Origine France"}]},{"@type":"WebSite","@id":"https:\/\/www.freshcueillette.fr\/#website","url":"https:\/\/www.freshcueillette.fr\/","name":"Fresh Cueillettte","description":"Des fruits entiers, cueillis \u00e0 maturit\u00e9, au go\u00fbt pr\u00e9serv\u00e9.","publisher":{"@id":"https:\/\/www.freshcueillette.fr\/#organization"},"potentialAction":[{"@type":"SearchAction","target":{"@type":"EntryPoint","urlTemplate":"https:\/\/www.freshcueillette.fr\/?s={search_term_string}"},"query-input":{"@type":"PropertyValueSpecification","valueRequired":true,"valueName":"search_term_string"}}],"inLanguage":"en-US"},{"@type":"Organization","@id":"https:\/\/www.freshcueillette.fr\/#organization","name":"Fresh Cueillettte","url":"https:\/\/www.freshcueillette.fr\/","logo":{"@type":"ImageObject","inLanguage":"en-US","@id":"https:\/\/www.freshcueillette.fr\/#\/schema\/logo\/image\/","url":"https:\/\/www.freshcueillette.fr\/wp-content\/uploads\/2022\/01\/logo_light_dark.svg","contentUrl":"https:\/\/www.freshcueillette.fr\/wp-content\/uploads\/2022\/01\/logo_light_dark.svg","width":89,"height":43,"caption":"Fresh Cueillettte"},"image":{"@id":"https:\/\/www.freshcueillette.fr\/#\/schema\/logo\/image\/"}}]}},"_links":{"self":[{"href":"https:\/\/www.freshcueillette.fr\/index.php\/wp-json\/wp\/v2\/product\/143","targetHints":{"allow":["GET"]}}],"collection":[{"href":"https:\/\/www.freshcueillette.fr\/index.php\/wp-json\/wp\/v2\/product"}],"about":[{"href":"https:\/\/www.freshcueillette.fr\/index.php\/wp-json\/wp\/v2\/types\/product"}],"replies":[{"embeddable":true,"href":"https:\/\/www.freshcueillette.fr\/index.php\/wp-json\/wp\/v2\/comments?post=143"}],"wp:featuredmedia":[{"embeddable":true,"href":"https:\/\/www.freshcueillette.fr\/index.php\/wp-json\/wp\/v2\/media\/1538"}],"wp:attachment":[{"href":"https:\/\/www.freshcueillette.fr\/index.php\/wp-json\/wp\/v2\/media?parent=143"}],"wp:term":[{"taxonomy":"product_brand","embeddable":true,"href":"https:\/\/www.freshcueillette.fr\/index.php\/wp-json\/wp\/v2\/product_brand?post=143"},{"taxonomy":"product_cat","embeddable":true,"href":"https:\/\/www.freshcueillette.fr\/index.php\/wp-json\/wp\/v2\/product_cat?post=143"},{"taxonomy":"product_tag","embeddable":true,"href":"https:\/\/www.freshcueillette.fr\/index.php\/wp-json\/wp\/v2\/product_tag?post=143"}],"curies":[{"name":"wp","href":"https:\/\/api.w.org\/{rel}","templated":true}]}}